{"id":8,"date":"2012-09-26T13:28:24","date_gmt":"2012-09-26T12:28:24","guid":{"rendered":"http:\/\/www.endtoend.fr\/site\/?page_id=8"},"modified":"2023-09-15T13:29:36","modified_gmt":"2023-09-15T12:29:36","slug":"contact","status":"publish","type":"page","link":"https:\/\/www.endtoend.fr\/site\/contact\/","title":{"rendered":"Contact"},"content":{"rendered":"\n<div class=\"wp-block-group animated fadeIn is-layout-constrained wp-container-core-group-is-layout-1 wp-block-group-is-layout-constrained\">\n<h2 class=\"wp-block-heading has-x-large-font-size\" style=\"font-style:normal;font-weight:300;text-transform:uppercase\">END to END<\/h2>\n\n\n\n<div class=\"wp-block-columns is-layout-flex wp-container-core-columns-is-layout-1 wp-block-columns-is-layout-flex\">\n<div class=\"wp-block-column is-layout-flow wp-block-column-is-layout-flow\">\n<p><strong>N&rsquo;h\u00e9sitez pas \u00e0 nous envoyer un message ou \u00e0 faire une demande de devis en ligne.<\/strong><\/p>\n\n\n\n<p style=\"font-style:normal;font-weight:300\">Clermont-Ferrand<br><a href=\"mailto:endtoend@endtoend.fr\" data-type=\"mailto\" data-id=\"mailto:endtoend@endtoend.fr\" target=\"_blank\" rel=\"noreferrer noopener\">endtoend@endtoend.fr<br><\/a><a href=\"tel:+330699471170\" data-type=\"tel\" data-id=\"tel:+330699471170\">+33 06 99 47 11 70<\/a><\/p>\n\n\n\n<div class=\"wp-block-buttons is-layout-flex wp-block-buttons-is-layout-flex\">\n<div class=\"wp-block-button has-custom-width wp-block-button__width-50 has-custom-font-size is-style-outline animated bounceIn has-small-font-size is-style-outline--1\"><a class=\"wp-block-button__link wp-element-button\" href=\"https:\/\/www.endtoend.fr\/site\/devis\/\">Devis en ligne gratuit<\/a><\/div>\n\n\n\n<div class=\"wp-block-button has-custom-width wp-block-button__width-50 has-custom-font-size is-style-outline animated bounceIn has-small-font-size is-style-outline--2\"><a class=\"wp-block-button__link wp-element-button\" href=\"https:\/\/www.endtoend.fr\/site\/message\/\">Envoyer un message<\/a><\/div>\n<\/div>\n<\/div>\n\n\n\n<div class=\"wp-block-column is-layout-flow wp-block-column-is-layout-flow\"><div class=\"aligncenter wp-block-site-logo wp-duotone-000000-333333-3\"><a href=\"https:\/\/www.endtoend.fr\/site\/\" class=\"custom-logo-link\" rel=\"home\"><img loading=\"lazy\" decoding=\"async\" width=\"200\" height=\"200\" src=\"https:\/\/www.endtoend.fr\/site\/wp-content\/uploads\/2022\/06\/Endtoend-w-2022.png\" class=\"custom-logo\" alt=\"END TO END | Collectif d\u2019Artistes | Graffiti Street Art | Clermont-Ferrand\" srcset=\"https:\/\/www.endtoend.fr\/site\/wp-content\/uploads\/2022\/06\/Endtoend-w-2022.png 1226w, https:\/\/www.endtoend.fr\/site\/wp-content\/uploads\/2022\/06\/Endtoend-w-2022-996x1000.png 996w, https:\/\/www.endtoend.fr\/site\/wp-content\/uploads\/2022\/06\/Endtoend-w-2022-1195x1200.png 1195w, https:\/\/www.endtoend.fr\/site\/wp-content\/uploads\/2022\/06\/Endtoend-w-2022-300x300.png 300w, https:\/\/www.endtoend.fr\/site\/wp-content\/uploads\/2022\/06\/Endtoend-w-2022-768x771.png 768w, https:\/\/www.endtoend.fr\/site\/wp-content\/uploads\/2022\/06\/Endtoend-w-2022-100x100.png 100w\" sizes=\"auto, (max-width: 200px) 100vw, 200px\" \/><\/a><\/div><\/div>\n<\/div>\n<\/div>\n","protected":false},"excerpt":{"rendered":"<p>END to END N&rsquo;h\u00e9sitez pas \u00e0 nous envoyer un message ou \u00e0 faire une demande de devis en ligne. Clermont-Ferrandendtoend@endtoend.fr+33 06 99 47 11 70<\/p>\n","protected":false},"author":1,"featured_media":11301,"parent":0,"menu_order":2,"comment_status":"closed","ping_status":"closed","template":"","meta":{"_uag_custom_page_level_css":"","footnotes":""},"class_list":["post-8","page","type-page","status-publish","has-post-thumbnail","hentry"],"yoast_head":"<!-- This site is optimized with the Yoast SEO plugin v26.8 - https:\/\/yoast.com\/product\/yoast-seo-wordpress\/ -->\n<title>Contact | END TO END | Collectif d\u2019Artistes | Graffiti Street Art | Clermont-Ferrand<\/title>\n<meta name=\"robots\" content=\"index, follow, max-snippet:-1, max-image-preview:large, max-video-preview:-1\" \/>\n<link rel=\"canonical\" href=\"https:\/\/www.endtoend.fr\/site\/contact\/\" \/>\n<meta property=\"og:locale\" content=\"fr_FR\" \/>\n<meta property=\"og:type\" content=\"article\" \/>\n<meta property=\"og:title\" content=\"Contact | END TO END | Collectif d\u2019Artistes | Graffiti Street Art | Clermont-Ferrand\" \/>\n<meta property=\"og:description\" content=\"END to END N&rsquo;h\u00e9sitez pas \u00e0 nous envoyer un message ou \u00e0 faire une demande de devis en ligne. Clermont-Ferrandendtoend@endtoend.fr+33 06 99 47 11 70\" \/>\n<meta property=\"og:url\" content=\"https:\/\/www.endtoend.fr\/site\/contact\/\" \/>\n<meta property=\"og:site_name\" content=\"END TO END | Collectif d\u2019Artistes | Graffiti Street Art | Clermont-Ferrand\" \/>\n<meta property=\"article:publisher\" content=\"https:\/\/www.facebook.com\/collectif.endtoend\" \/>\n<meta property=\"article:modified_time\" content=\"2023-09-15T12:29:36+00:00\" \/>\n<meta property=\"og:image\" content=\"https:\/\/www.endtoend.fr\/site\/wp-content\/uploads\/2022\/06\/23052022-endtoend-la-glaciere-fesque-amazonie-1-edited.jpg\" \/>\n\t<meta property=\"og:image:width\" content=\"1581\" \/>\n\t<meta property=\"og:image:height\" content=\"1580\" \/>\n\t<meta property=\"og:image:type\" content=\"image\/jpeg\" \/>\n<meta name=\"twitter:label1\" content=\"Dur\u00e9e de lecture estim\u00e9e\" \/>\n\t<meta name=\"twitter:data1\" content=\"1 minute\" \/>\n<script type=\"application\/ld+json\" class=\"yoast-schema-graph\">{\"@context\":\"https:\/\/schema.org\",\"@graph\":[{\"@type\":\"WebPage\",\"@id\":\"https:\/\/www.endtoend.fr\/site\/contact\/\",\"url\":\"https:\/\/www.endtoend.fr\/site\/contact\/\",\"name\":\"Contact | END TO END | Collectif d\u2019Artistes | Graffiti Street Art | Clermont-Ferrand\",\"isPartOf\":{\"@id\":\"https:\/\/www.endtoend.fr\/site\/#website\"},\"primaryImageOfPage\":{\"@id\":\"https:\/\/www.endtoend.fr\/site\/contact\/#primaryimage\"},\"image\":{\"@id\":\"https:\/\/www.endtoend.fr\/site\/contact\/#primaryimage\"},\"thumbnailUrl\":\"https:\/\/www.endtoend.fr\/site\/wp-content\/uploads\/2022\/06\/23052022-endtoend-la-glaciere-fesque-amazonie-1-edited.jpg\",\"datePublished\":\"2012-09-26T12:28:24+00:00\",\"dateModified\":\"2023-09-15T12:29:36+00:00\",\"breadcrumb\":{\"@id\":\"https:\/\/www.endtoend.fr\/site\/contact\/#breadcrumb\"},\"inLanguage\":\"fr-FR\",\"potentialAction\":[{\"@type\":\"ReadAction\",\"target\":[\"https:\/\/www.endtoend.fr\/site\/contact\/\"]}]},{\"@type\":\"ImageObject\",\"inLanguage\":\"fr-FR\",\"@id\":\"https:\/\/www.endtoend.fr\/site\/contact\/#primaryimage\",\"url\":\"https:\/\/www.endtoend.fr\/site\/wp-content\/uploads\/2022\/06\/23052022-endtoend-la-glaciere-fesque-amazonie-1-edited.jpg\",\"contentUrl\":\"https:\/\/www.endtoend.fr\/site\/wp-content\/uploads\/2022\/06\/23052022-endtoend-la-glaciere-fesque-amazonie-1-edited.jpg\",\"width\":1581,\"height\":1580,\"caption\":\"Graffeurs du collectif END to END en action\"},{\"@type\":\"BreadcrumbList\",\"@id\":\"https:\/\/www.endtoend.fr\/site\/contact\/#breadcrumb\",\"itemListElement\":[{\"@type\":\"ListItem\",\"position\":1,\"name\":\"Home\",\"item\":\"https:\/\/www.endtoend.fr\/site\/\"},{\"@type\":\"ListItem\",\"position\":2,\"name\":\"Contact\"}]},{\"@type\":\"WebSite\",\"@id\":\"https:\/\/www.endtoend.fr\/site\/#website\",\"url\":\"https:\/\/www.endtoend.fr\/site\/\",\"name\":\"END TO END | Collectif d\u2019Artistes | Graffiti Street Art | Clermont-Ferrand\",\"description\":\"Association d&#039;Artistes Peintres Graffiti, r\u00e9alisation de fresques, d\u00e9corations, toiles et expositions. Clermont-Ferrand, Toulouse, Paris.\",\"publisher\":{\"@id\":\"https:\/\/www.endtoend.fr\/site\/#organization\"},\"potentialAction\":[{\"@type\":\"SearchAction\",\"target\":{\"@type\":\"EntryPoint\",\"urlTemplate\":\"https:\/\/www.endtoend.fr\/site\/?s={search_term_string}\"},\"query-input\":{\"@type\":\"PropertyValueSpecification\",\"valueRequired\":true,\"valueName\":\"search_term_string\"}}],\"inLanguage\":\"fr-FR\"},{\"@type\":\"Organization\",\"@id\":\"https:\/\/www.endtoend.fr\/site\/#organization\",\"name\":\"Collectif END to END\",\"url\":\"https:\/\/www.endtoend.fr\/site\/\",\"logo\":{\"@type\":\"ImageObject\",\"inLanguage\":\"fr-FR\",\"@id\":\"https:\/\/www.endtoend.fr\/site\/#\/schema\/logo\/image\/\",\"url\":\"https:\/\/www.endtoend.fr\/site\/wp-content\/uploads\/2022\/08\/end-to-end-graffiti-street-art-clermont-ferrand.jpg\",\"contentUrl\":\"https:\/\/www.endtoend.fr\/site\/wp-content\/uploads\/2022\/08\/end-to-end-graffiti-street-art-clermont-ferrand.jpg\",\"width\":1920,\"height\":1080,\"caption\":\"Collectif END to END\"},\"image\":{\"@id\":\"https:\/\/www.endtoend.fr\/site\/#\/schema\/logo\/image\/\"},\"sameAs\":[\"https:\/\/www.facebook.com\/collectif.endtoend\",\"https:\/\/x.com\/ENDtoEND_\",\"https:\/\/www.instagram.com\/end_to_end\/\",\"https:\/\/www.youtube.com\/user\/ENDtoENDgraffiti\"]}]}<\/script>\n<!-- \/ Yoast SEO plugin. -->","yoast_head_json":{"title":"Contact | END TO END | Collectif d\u2019Artistes | Graffiti Street Art | Clermont-Ferrand","robots":{"index":"index","follow":"follow","max-snippet":"max-snippet:-1","max-image-preview":"max-image-preview:large","max-video-preview":"max-video-preview:-1"},"canonical":"https:\/\/www.endtoend.fr\/site\/contact\/","og_locale":"fr_FR","og_type":"article","og_title":"Contact | END TO END | Collectif d\u2019Artistes | Graffiti Street Art | Clermont-Ferrand","og_description":"END to END N&rsquo;h\u00e9sitez pas \u00e0 nous envoyer un message ou \u00e0 faire une demande de devis en ligne. Clermont-Ferrandendtoend@endtoend.fr+33 06 99 47 11 70","og_url":"https:\/\/www.endtoend.fr\/site\/contact\/","og_site_name":"END TO END | Collectif d\u2019Artistes | Graffiti Street Art | Clermont-Ferrand","article_publisher":"https:\/\/www.facebook.com\/collectif.endtoend","article_modified_time":"2023-09-15T12:29:36+00:00","og_image":[{"width":1581,"height":1580,"url":"https:\/\/www.endtoend.fr\/site\/wp-content\/uploads\/2022\/06\/23052022-endtoend-la-glaciere-fesque-amazonie-1-edited.jpg","type":"image\/jpeg"}],"twitter_misc":{"Dur\u00e9e de lecture estim\u00e9e":"1 minute"},"schema":{"@context":"https:\/\/schema.org","@graph":[{"@type":"WebPage","@id":"https:\/\/www.endtoend.fr\/site\/contact\/","url":"https:\/\/www.endtoend.fr\/site\/contact\/","name":"Contact | END TO END | Collectif d\u2019Artistes | Graffiti Street Art | Clermont-Ferrand","isPartOf":{"@id":"https:\/\/www.endtoend.fr\/site\/#website"},"primaryImageOfPage":{"@id":"https:\/\/www.endtoend.fr\/site\/contact\/#primaryimage"},"image":{"@id":"https:\/\/www.endtoend.fr\/site\/contact\/#primaryimage"},"thumbnailUrl":"https:\/\/www.endtoend.fr\/site\/wp-content\/uploads\/2022\/06\/23052022-endtoend-la-glaciere-fesque-amazonie-1-edited.jpg","datePublished":"2012-09-26T12:28:24+00:00","dateModified":"2023-09-15T12:29:36+00:00","breadcrumb":{"@id":"https:\/\/www.endtoend.fr\/site\/contact\/#breadcrumb"},"inLanguage":"fr-FR","potentialAction":[{"@type":"ReadAction","target":["https:\/\/www.endtoend.fr\/site\/contact\/"]}]},{"@type":"ImageObject","inLanguage":"fr-FR","@id":"https:\/\/www.endtoend.fr\/site\/contact\/#primaryimage","url":"https:\/\/www.endtoend.fr\/site\/wp-content\/uploads\/2022\/06\/23052022-endtoend-la-glaciere-fesque-amazonie-1-edited.jpg","contentUrl":"https:\/\/www.endtoend.fr\/site\/wp-content\/uploads\/2022\/06\/23052022-endtoend-la-glaciere-fesque-amazonie-1-edited.jpg","width":1581,"height":1580,"caption":"Graffeurs du collectif END to END en action"},{"@type":"BreadcrumbList","@id":"https:\/\/www.endtoend.fr\/site\/contact\/#breadcrumb","itemListElement":[{"@type":"ListItem","position":1,"name":"Home","item":"https:\/\/www.endtoend.fr\/site\/"},{"@type":"ListItem","position":2,"name":"Contact"}]},{"@type":"WebSite","@id":"https:\/\/www.endtoend.fr\/site\/#website","url":"https:\/\/www.endtoend.fr\/site\/","name":"END TO END | Collectif d\u2019Artistes | Graffiti Street Art | Clermont-Ferrand","description":"Association d&#039;Artistes Peintres Graffiti, r\u00e9alisation de fresques, d\u00e9corations, toiles et expositions. Clermont-Ferrand, Toulouse, Paris.","publisher":{"@id":"https:\/\/www.endtoend.fr\/site\/#organization"},"potentialAction":[{"@type":"SearchAction","target":{"@type":"EntryPoint","urlTemplate":"https:\/\/www.endtoend.fr\/site\/?s={search_term_string}"},"query-input":{"@type":"PropertyValueSpecification","valueRequired":true,"valueName":"search_term_string"}}],"inLanguage":"fr-FR"},{"@type":"Organization","@id":"https:\/\/www.endtoend.fr\/site\/#organization","name":"Collectif END to END","url":"https:\/\/www.endtoend.fr\/site\/","logo":{"@type":"ImageObject","inLanguage":"fr-FR","@id":"https:\/\/www.endtoend.fr\/site\/#\/schema\/logo\/image\/","url":"https:\/\/www.endtoend.fr\/site\/wp-content\/uploads\/2022\/08\/end-to-end-graffiti-street-art-clermont-ferrand.jpg","contentUrl":"https:\/\/www.endtoend.fr\/site\/wp-content\/uploads\/2022\/08\/end-to-end-graffiti-street-art-clermont-ferrand.jpg","width":1920,"height":1080,"caption":"Collectif END to END"},"image":{"@id":"https:\/\/www.endtoend.fr\/site\/#\/schema\/logo\/image\/"},"sameAs":["https:\/\/www.facebook.com\/collectif.endtoend","https:\/\/x.com\/ENDtoEND_","https:\/\/www.instagram.com\/end_to_end\/","https:\/\/www.youtube.com\/user\/ENDtoENDgraffiti"]}]}},"uagb_featured_image_src":{"full":["https:\/\/www.endtoend.fr\/site\/wp-content\/uploads\/2022\/06\/23052022-endtoend-la-glaciere-fesque-amazonie-1-edited.jpg",1581,1580,false],"thumbnail":["https:\/\/www.endtoend.fr\/site\/wp-content\/uploads\/2022\/06\/23052022-endtoend-la-glaciere-fesque-amazonie-1-edited-300x300.jpg",300,300,true],"medium":["https:\/\/www.endtoend.fr\/site\/wp-content\/uploads\/2022\/06\/23052022-endtoend-la-glaciere-fesque-amazonie-1-edited-1000x1000.jpg",1000,1000,true],"medium_large":["https:\/\/www.endtoend.fr\/site\/wp-content\/uploads\/2022\/06\/23052022-endtoend-la-glaciere-fesque-amazonie-1-edited-768x768.jpg",768,768,true],"large":["https:\/\/www.endtoend.fr\/site\/wp-content\/uploads\/2022\/06\/23052022-endtoend-la-glaciere-fesque-amazonie-1-edited-1200x1200.jpg",1200,1200,true],"1536x1536":["https:\/\/www.endtoend.fr\/site\/wp-content\/uploads\/2022\/06\/23052022-endtoend-la-glaciere-fesque-amazonie-1-edited-1536x1536.jpg",1536,1536,true],"2048x2048":["https:\/\/www.endtoend.fr\/site\/wp-content\/uploads\/2022\/06\/23052022-endtoend-la-glaciere-fesque-amazonie-1-edited.jpg",1581,1580,false]},"uagb_author_info":{"display_name":"ENDtoEND","author_link":"https:\/\/www.endtoend.fr\/site\/author\/endtoend-shop\/"},"uagb_comment_info":0,"uagb_excerpt":"END to END N&rsquo;h\u00e9sitez pas \u00e0 nous envoyer un message ou \u00e0 faire une demande de devis en ligne. Clermont-Ferrandendtoend@endtoend.fr+33 06 99 47 11 70","_links":{"self":[{"href":"https:\/\/www.endtoend.fr\/site\/wp-json\/wp\/v2\/pages\/8","targetHints":{"allow":["GET"]}}],"collection":[{"href":"https:\/\/www.endtoend.fr\/site\/wp-json\/wp\/v2\/pages"}],"about":[{"href":"https:\/\/www.endtoend.fr\/site\/wp-json\/wp\/v2\/types\/page"}],"author":[{"embeddable":true,"href":"https:\/\/www.endtoend.fr\/site\/wp-json\/wp\/v2\/users\/1"}],"replies":[{"embeddable":true,"href":"https:\/\/www.endtoend.fr\/site\/wp-json\/wp\/v2\/comments?post=8"}],"version-history":[{"count":15,"href":"https:\/\/www.endtoend.fr\/site\/wp-json\/wp\/v2\/pages\/8\/revisions"}],"predecessor-version":[{"id":13689,"href":"https:\/\/www.endtoend.fr\/site\/wp-json\/wp\/v2\/pages\/8\/revisions\/13689"}],"wp:featuredmedia":[{"embeddable":true,"href":"https:\/\/www.endtoend.fr\/site\/wp-json\/wp\/v2\/media\/11301"}],"wp:attachment":[{"href":"https:\/\/www.endtoend.fr\/site\/wp-json\/wp\/v2\/media?parent=8"}],"curies":[{"name":"wp","href":"https:\/\/api.w.org\/{rel}","templated":true}]}}