{"id":13197,"date":"2022-09-07T22:38:14","date_gmt":"2022-09-07T21:38:14","guid":{"rendered":"https:\/\/www.endtoend.fr\/site\/?page_id=13197"},"modified":"2022-09-08T01:43:48","modified_gmt":"2022-09-08T00:43:48","slug":"message","status":"publish","type":"page","link":"https:\/\/www.endtoend.fr\/site\/message\/","title":{"rendered":"Message"},"content":{"rendered":"\n<div class=\"wp-block-group is-layout-constrained wp-container-core-group-is-layout-3 wp-block-group-is-layout-constrained\">\n<div class=\"wp-block-columns is-layout-flex wp-container-core-columns-is-layout-1 wp-block-columns-is-layout-flex\">\n<div class=\"wp-block-column is-layout-flow wp-block-column-is-layout-flow\" style=\"padding-top:0px;padding-right:0px;padding-bottom:0px;padding-left:0px\">\n<p class=\"has-x-large-font-size\" style=\"text-transform:uppercase\">Envoyez-nous un message !<\/p>\n\n\n\n<p class=\"has-background\" style=\"background-color:#eeeeee\">Vous pouvez aussi nous contacter directement par email ou t\u00e9l\u00e9phone : <a href=\"mailto:endtoend@endtoend.fr\">endtoend@endtoend.fr<\/a><br>+33 06 99 47 11 70<\/p>\n\n\n\n<div class=\"wp-block-group noDesk is-layout-flow wp-block-group-is-layout-flow\">\n<p class=\"has-cyan-bluish-gray-color has-text-color\" style=\"font-size:0.75rem\">* Champs obligatoires<\/p>\n\n\n\n<p class=\"has-cyan-bluish-gray-color has-text-color\" style=\"font-size:0.75rem\">ENDtoEND collecte et traite vos donn\u00e9es personnelles afin de r\u00e9pondre \u00e0 votre demande. Elles ne sont pas partag\u00e9es \u00e0 des tiers.<\/p>\n\n\n\n<p class=\"has-cyan-bluish-gray-color has-text-color\" style=\"font-size:0.75rem\">Vous disposez \u00e0 tout moment des droits d\u2019acc\u00e8s, de rectification, d\u2019effacement ou de portabilit\u00e9 de vos donn\u00e9es personnelles, ainsi que des droits de limitation et d\u2019objection au traitement de celles-ci.<\/p>\n\n\n\n<p class=\"has-cyan-bluish-gray-color has-text-color\" style=\"font-size:0.75rem\">Pour plus d\u2019information sur la mani\u00e8re dont ENDtoEND traite et prot\u00e8ge vos donn\u00e9es personnelles et les moyens d\u2019exercer vos droits, nous vous invitons \u00e0 consulter notre<strong>&nbsp;<a href=\"https:\/\/www.endtoend.fr\/site\/mentions-legales\/\" target=\"_blank\" rel=\"noreferrer noopener\">politique de confidentialit\u00e9<\/a><\/strong><\/p>\n<\/div>\n<\/div>\n\n\n\n<div class=\"wp-block-column is-layout-flow wp-block-column-is-layout-flow\" id=\"form-devis\">\t\t\t\t<div class = \"wp-block-uagb-cf7-styler uagb-cf7-styler__outer-wrap uagb-block-f3404b6c   \">\n\t\t\t\t\t<div class = \"uagb-cf7-styler__align-left uagb-cf7-styler__field-style-box uagb-cf7-styler__btn-align-left uagb-cf7-styler__btn-align-tablet- uagb-cf7-styler__btn-align-mobile- uagb-cf7-styler__highlight-style-default uagb-cf7-styler__check-style-enabled\">\n\t\t\t\t\t\n<div class=\"wpcf7 no-js\" id=\"wpcf7-f210-o1\" lang=\"en-US\" dir=\"ltr\" data-wpcf7-id=\"210\">\n<div class=\"screen-reader-response\"><p role=\"status\" aria-live=\"polite\" aria-atomic=\"true\"><\/p> <ul><\/ul><\/div>\n<form action=\"\/site\/wp-json\/wp\/v2\/pages\/13197#wpcf7-f210-o1\" method=\"post\" class=\"wpcf7-form init\" aria-label=\"Contact form\" novalidate=\"novalidate\" data-status=\"init\">\n<fieldset class=\"hidden-fields-container\"><input type=\"hidden\" name=\"_wpcf7\" value=\"210\" \/><input type=\"hidden\" name=\"_wpcf7_version\" value=\"6.1.5\" \/><input type=\"hidden\" name=\"_wpcf7_locale\" value=\"en_US\" \/><input type=\"hidden\" name=\"_wpcf7_unit_tag\" value=\"wpcf7-f210-o1\" \/><input type=\"hidden\" name=\"_wpcf7_container_post\" value=\"0\" \/><input type=\"hidden\" name=\"_wpcf7_posted_data_hash\" value=\"\" \/><input type=\"hidden\" name=\"_wpcf7_recaptcha_response\" value=\"\" \/>\n<\/fieldset>\n<p><br \/>\n<span class=\"wpcf7-form-control-wrap\" data-name=\"your-name\"><input size=\"40\" maxlength=\"400\" class=\"wpcf7-form-control wpcf7-text wpcf7-validates-as-required\" aria-required=\"true\" aria-invalid=\"false\" placeholder=\"Nom*\" value=\"\" type=\"text\" name=\"your-name\" \/><\/span>\n<\/p>\n<p><br \/>\n<span class=\"wpcf7-form-control-wrap\" data-name=\"your-email\"><input size=\"40\" maxlength=\"400\" class=\"wpcf7-form-control wpcf7-email wpcf7-validates-as-required wpcf7-text wpcf7-validates-as-email\" aria-required=\"true\" aria-invalid=\"false\" placeholder=\"Adresse email*\" value=\"\" type=\"email\" name=\"your-email\" \/><\/span>\n<\/p>\n<p><br \/>\n<span class=\"wpcf7-form-control-wrap\" data-name=\"tel-351\"><input size=\"40\" maxlength=\"400\" class=\"wpcf7-form-control wpcf7-tel wpcf7-text wpcf7-validates-as-tel\" aria-invalid=\"false\" placeholder=\"T\u00e9l\u00e9phone\" value=\"\" type=\"tel\" name=\"tel-351\" \/><\/span>\n<\/p>\n<p><br \/>\n<span class=\"wpcf7-form-control-wrap\" data-name=\"your-subject\"><input size=\"40\" maxlength=\"400\" class=\"wpcf7-form-control wpcf7-text\" aria-invalid=\"false\" placeholder=\"Sujet du message\" value=\"\" type=\"text\" name=\"your-subject\" \/><\/span>\n<\/p>\n<p><br \/>\n<span class=\"wpcf7-form-control-wrap\" data-name=\"your-message\"><textarea cols=\"40\" rows=\"10\" maxlength=\"2000\" class=\"wpcf7-form-control wpcf7-textarea wpcf7-validates-as-required\" aria-required=\"true\" aria-invalid=\"false\" placeholder=\"Message*\" name=\"your-message\"><\/textarea><\/span>\n<\/p>\n<div align=\"center\" style=\"margin-bottom:1.5%;\">\n\n<\/div>\n<p><input class=\"wpcf7-form-control wpcf7-submit has-spinner\" type=\"submit\" value=\"Envoyez votre message\" \/>\n<\/p><div class=\"wpcf7-response-output\" aria-hidden=\"true\"><\/div>\n<\/form>\n<\/div>\n\t\t\t\t\t<\/div>\n\t\t\t\t<\/div>\n\t\t\t\t\n\n\n<div class=\"wp-block-group desk is-layout-flow wp-block-group-is-layout-flow\">\n<p class=\"has-cyan-bluish-gray-color has-text-color\" style=\"font-size:0.75rem\">* Champs obligatoires<\/p>\n\n\n\n<p class=\"has-cyan-bluish-gray-color has-text-color\" style=\"font-size:0.75rem\">ENDtoEND collecte et traite vos donn\u00e9es personnelles afin de r\u00e9pondre \u00e0 votre demande. Elles ne sont pas partag\u00e9es \u00e0 des tiers.<\/p>\n\n\n\n<p class=\"has-cyan-bluish-gray-color has-text-color\" style=\"font-size:0.75rem\">Vous disposez \u00e0 tout moment des droits d\u2019acc\u00e8s, de rectification, d\u2019effacement ou de portabilit\u00e9 de vos donn\u00e9es personnelles, ainsi que des droits de limitation et d\u2019objection au traitement de celles-ci.<\/p>\n\n\n\n<p class=\"has-cyan-bluish-gray-color has-text-color\" style=\"font-size:0.75rem\">Pour plus d\u2019information sur la mani\u00e8re dont ENDtoEND traite et prot\u00e8ge vos donn\u00e9es personnelles et les moyens d\u2019exercer vos droits, nous vous invitons \u00e0 consulter notre<strong>&nbsp;<a href=\"https:\/\/www.endtoend.fr\/site\/mentions-legales\/\" target=\"_blank\" rel=\"noreferrer noopener\">politique de confidentialit\u00e9<\/a><\/strong><\/p>\n<\/div>\n<\/div>\n<\/div>\n<\/div>\n","protected":false},"excerpt":{"rendered":"<p>Envoyez-nous un message ! Vous pouvez aussi nous contacter directement par email ou t\u00e9l\u00e9phone : endtoend@endtoend.fr+33 06 99 47 11 70 * Champs obligatoires ENDtoEND collecte et traite vos donn\u00e9es personnelles afin de r\u00e9pondre \u00e0 votre demande. Elles ne sont pas partag\u00e9es \u00e0 des tiers. Vous disposez \u00e0 tout moment des droits d\u2019acc\u00e8s, de rectification, [&hellip;]<\/p>\n","protected":false},"author":1,"featured_media":11009,"parent":0,"menu_order":0,"comment_status":"closed","ping_status":"closed","template":"","meta":{"_uag_custom_page_level_css":"","footnotes":""},"class_list":["post-13197","page","type-page","status-publish","has-post-thumbnail","hentry"],"yoast_head":"<!-- This site is optimized with the Yoast SEO plugin v26.8 - https:\/\/yoast.com\/product\/yoast-seo-wordpress\/ -->\n<title>Message | END TO END | Collectif d\u2019Artistes | Graffiti Street Art | Clermont-Ferrand<\/title>\n<meta name=\"robots\" content=\"index, follow, max-snippet:-1, max-image-preview:large, max-video-preview:-1\" \/>\n<link rel=\"canonical\" href=\"https:\/\/www.endtoend.fr\/site\/message\/\" \/>\n<meta property=\"og:locale\" content=\"fr_FR\" \/>\n<meta property=\"og:type\" content=\"article\" \/>\n<meta property=\"og:title\" content=\"Message | END TO END | Collectif d\u2019Artistes | Graffiti Street Art | Clermont-Ferrand\" \/>\n<meta property=\"og:description\" content=\"Envoyez-nous un message ! Vous pouvez aussi nous contacter directement par email ou t\u00e9l\u00e9phone : endtoend@endtoend.fr+33 06 99 47 11 70 * Champs obligatoires ENDtoEND collecte et traite vos donn\u00e9es personnelles afin de r\u00e9pondre \u00e0 votre demande. Elles ne sont pas partag\u00e9es \u00e0 des tiers. Vous disposez \u00e0 tout moment des droits d\u2019acc\u00e8s, de rectification, [&hellip;]\" \/>\n<meta property=\"og:url\" content=\"https:\/\/www.endtoend.fr\/site\/message\/\" \/>\n<meta property=\"og:site_name\" content=\"END TO END | Collectif d\u2019Artistes | Graffiti Street Art | Clermont-Ferrand\" \/>\n<meta property=\"article:publisher\" content=\"https:\/\/www.facebook.com\/collectif.endtoend\" \/>\n<meta property=\"article:modified_time\" content=\"2022-09-08T00:43:48+00:00\" \/>\n<meta property=\"og:image\" content=\"https:\/\/www.endtoend.fr\/site\/wp-content\/uploads\/2022\/05\/23052022-endtoend-la-glaciere-fesque-amazonie-2.jpg\" \/>\n\t<meta property=\"og:image:width\" content=\"2441\" \/>\n\t<meta property=\"og:image:height\" content=\"1500\" \/>\n\t<meta property=\"og:image:type\" content=\"image\/jpeg\" \/>\n<meta name=\"twitter:label1\" content=\"Dur\u00e9e de lecture estim\u00e9e\" \/>\n\t<meta name=\"twitter:data1\" content=\"1 minute\" \/>\n<script type=\"application\/ld+json\" class=\"yoast-schema-graph\">{\"@context\":\"https:\/\/schema.org\",\"@graph\":[{\"@type\":\"WebPage\",\"@id\":\"https:\/\/www.endtoend.fr\/site\/message\/\",\"url\":\"https:\/\/www.endtoend.fr\/site\/message\/\",\"name\":\"Message | END TO END | Collectif d\u2019Artistes | Graffiti Street Art | Clermont-Ferrand\",\"isPartOf\":{\"@id\":\"https:\/\/www.endtoend.fr\/site\/#website\"},\"primaryImageOfPage\":{\"@id\":\"https:\/\/www.endtoend.fr\/site\/message\/#primaryimage\"},\"image\":{\"@id\":\"https:\/\/www.endtoend.fr\/site\/message\/#primaryimage\"},\"thumbnailUrl\":\"https:\/\/www.endtoend.fr\/site\/wp-content\/uploads\/2022\/05\/23052022-endtoend-la-glaciere-fesque-amazonie-2.jpg\",\"datePublished\":\"2022-09-07T21:38:14+00:00\",\"dateModified\":\"2022-09-08T00:43:48+00:00\",\"breadcrumb\":{\"@id\":\"https:\/\/www.endtoend.fr\/site\/message\/#breadcrumb\"},\"inLanguage\":\"fr-FR\",\"potentialAction\":[{\"@type\":\"ReadAction\",\"target\":[\"https:\/\/www.endtoend.fr\/site\/message\/\"]}]},{\"@type\":\"ImageObject\",\"inLanguage\":\"fr-FR\",\"@id\":\"https:\/\/www.endtoend.fr\/site\/message\/#primaryimage\",\"url\":\"https:\/\/www.endtoend.fr\/site\/wp-content\/uploads\/2022\/05\/23052022-endtoend-la-glaciere-fesque-amazonie-2.jpg\",\"contentUrl\":\"https:\/\/www.endtoend.fr\/site\/wp-content\/uploads\/2022\/05\/23052022-endtoend-la-glaciere-fesque-amazonie-2.jpg\",\"width\":2441,\"height\":1500},{\"@type\":\"BreadcrumbList\",\"@id\":\"https:\/\/www.endtoend.fr\/site\/message\/#breadcrumb\",\"itemListElement\":[{\"@type\":\"ListItem\",\"position\":1,\"name\":\"Home\",\"item\":\"https:\/\/www.endtoend.fr\/site\/\"},{\"@type\":\"ListItem\",\"position\":2,\"name\":\"Message\"}]},{\"@type\":\"WebSite\",\"@id\":\"https:\/\/www.endtoend.fr\/site\/#website\",\"url\":\"https:\/\/www.endtoend.fr\/site\/\",\"name\":\"END TO END | Collectif d\u2019Artistes | Graffiti Street Art | Clermont-Ferrand\",\"description\":\"Association d&#039;Artistes Peintres Graffiti, r\u00e9alisation de fresques, d\u00e9corations, toiles et expositions. Clermont-Ferrand, Toulouse, Paris.\",\"publisher\":{\"@id\":\"https:\/\/www.endtoend.fr\/site\/#organization\"},\"potentialAction\":[{\"@type\":\"SearchAction\",\"target\":{\"@type\":\"EntryPoint\",\"urlTemplate\":\"https:\/\/www.endtoend.fr\/site\/?s={search_term_string}\"},\"query-input\":{\"@type\":\"PropertyValueSpecification\",\"valueRequired\":true,\"valueName\":\"search_term_string\"}}],\"inLanguage\":\"fr-FR\"},{\"@type\":\"Organization\",\"@id\":\"https:\/\/www.endtoend.fr\/site\/#organization\",\"name\":\"Collectif END to END\",\"url\":\"https:\/\/www.endtoend.fr\/site\/\",\"logo\":{\"@type\":\"ImageObject\",\"inLanguage\":\"fr-FR\",\"@id\":\"https:\/\/www.endtoend.fr\/site\/#\/schema\/logo\/image\/\",\"url\":\"https:\/\/www.endtoend.fr\/site\/wp-content\/uploads\/2022\/08\/end-to-end-graffiti-street-art-clermont-ferrand.jpg\",\"contentUrl\":\"https:\/\/www.endtoend.fr\/site\/wp-content\/uploads\/2022\/08\/end-to-end-graffiti-street-art-clermont-ferrand.jpg\",\"width\":1920,\"height\":1080,\"caption\":\"Collectif END to END\"},\"image\":{\"@id\":\"https:\/\/www.endtoend.fr\/site\/#\/schema\/logo\/image\/\"},\"sameAs\":[\"https:\/\/www.facebook.com\/collectif.endtoend\",\"https:\/\/x.com\/ENDtoEND_\",\"https:\/\/www.instagram.com\/end_to_end\/\",\"https:\/\/www.youtube.com\/user\/ENDtoENDgraffiti\"]}]}<\/script>\n<!-- \/ Yoast SEO plugin. -->","yoast_head_json":{"title":"Message | END TO END | Collectif d\u2019Artistes | Graffiti Street Art | Clermont-Ferrand","robots":{"index":"index","follow":"follow","max-snippet":"max-snippet:-1","max-image-preview":"max-image-preview:large","max-video-preview":"max-video-preview:-1"},"canonical":"https:\/\/www.endtoend.fr\/site\/message\/","og_locale":"fr_FR","og_type":"article","og_title":"Message | END TO END | Collectif d\u2019Artistes | Graffiti Street Art | Clermont-Ferrand","og_description":"Envoyez-nous un message ! Vous pouvez aussi nous contacter directement par email ou t\u00e9l\u00e9phone : endtoend@endtoend.fr+33 06 99 47 11 70 * Champs obligatoires ENDtoEND collecte et traite vos donn\u00e9es personnelles afin de r\u00e9pondre \u00e0 votre demande. Elles ne sont pas partag\u00e9es \u00e0 des tiers. Vous disposez \u00e0 tout moment des droits d\u2019acc\u00e8s, de rectification, [&hellip;]","og_url":"https:\/\/www.endtoend.fr\/site\/message\/","og_site_name":"END TO END | Collectif d\u2019Artistes | Graffiti Street Art | Clermont-Ferrand","article_publisher":"https:\/\/www.facebook.com\/collectif.endtoend","article_modified_time":"2022-09-08T00:43:48+00:00","og_image":[{"width":2441,"height":1500,"url":"https:\/\/www.endtoend.fr\/site\/wp-content\/uploads\/2022\/05\/23052022-endtoend-la-glaciere-fesque-amazonie-2.jpg","type":"image\/jpeg"}],"twitter_misc":{"Dur\u00e9e de lecture estim\u00e9e":"1 minute"},"schema":{"@context":"https:\/\/schema.org","@graph":[{"@type":"WebPage","@id":"https:\/\/www.endtoend.fr\/site\/message\/","url":"https:\/\/www.endtoend.fr\/site\/message\/","name":"Message | END TO END | Collectif d\u2019Artistes | Graffiti Street Art | Clermont-Ferrand","isPartOf":{"@id":"https:\/\/www.endtoend.fr\/site\/#website"},"primaryImageOfPage":{"@id":"https:\/\/www.endtoend.fr\/site\/message\/#primaryimage"},"image":{"@id":"https:\/\/www.endtoend.fr\/site\/message\/#primaryimage"},"thumbnailUrl":"https:\/\/www.endtoend.fr\/site\/wp-content\/uploads\/2022\/05\/23052022-endtoend-la-glaciere-fesque-amazonie-2.jpg","datePublished":"2022-09-07T21:38:14+00:00","dateModified":"2022-09-08T00:43:48+00:00","breadcrumb":{"@id":"https:\/\/www.endtoend.fr\/site\/message\/#breadcrumb"},"inLanguage":"fr-FR","potentialAction":[{"@type":"ReadAction","target":["https:\/\/www.endtoend.fr\/site\/message\/"]}]},{"@type":"ImageObject","inLanguage":"fr-FR","@id":"https:\/\/www.endtoend.fr\/site\/message\/#primaryimage","url":"https:\/\/www.endtoend.fr\/site\/wp-content\/uploads\/2022\/05\/23052022-endtoend-la-glaciere-fesque-amazonie-2.jpg","contentUrl":"https:\/\/www.endtoend.fr\/site\/wp-content\/uploads\/2022\/05\/23052022-endtoend-la-glaciere-fesque-amazonie-2.jpg","width":2441,"height":1500},{"@type":"BreadcrumbList","@id":"https:\/\/www.endtoend.fr\/site\/message\/#breadcrumb","itemListElement":[{"@type":"ListItem","position":1,"name":"Home","item":"https:\/\/www.endtoend.fr\/site\/"},{"@type":"ListItem","position":2,"name":"Message"}]},{"@type":"WebSite","@id":"https:\/\/www.endtoend.fr\/site\/#website","url":"https:\/\/www.endtoend.fr\/site\/","name":"END TO END | Collectif d\u2019Artistes | Graffiti Street Art | Clermont-Ferrand","description":"Association d&#039;Artistes Peintres Graffiti, r\u00e9alisation de fresques, d\u00e9corations, toiles et expositions. Clermont-Ferrand, Toulouse, Paris.","publisher":{"@id":"https:\/\/www.endtoend.fr\/site\/#organization"},"potentialAction":[{"@type":"SearchAction","target":{"@type":"EntryPoint","urlTemplate":"https:\/\/www.endtoend.fr\/site\/?s={search_term_string}"},"query-input":{"@type":"PropertyValueSpecification","valueRequired":true,"valueName":"search_term_string"}}],"inLanguage":"fr-FR"},{"@type":"Organization","@id":"https:\/\/www.endtoend.fr\/site\/#organization","name":"Collectif END to END","url":"https:\/\/www.endtoend.fr\/site\/","logo":{"@type":"ImageObject","inLanguage":"fr-FR","@id":"https:\/\/www.endtoend.fr\/site\/#\/schema\/logo\/image\/","url":"https:\/\/www.endtoend.fr\/site\/wp-content\/uploads\/2022\/08\/end-to-end-graffiti-street-art-clermont-ferrand.jpg","contentUrl":"https:\/\/www.endtoend.fr\/site\/wp-content\/uploads\/2022\/08\/end-to-end-graffiti-street-art-clermont-ferrand.jpg","width":1920,"height":1080,"caption":"Collectif END to END"},"image":{"@id":"https:\/\/www.endtoend.fr\/site\/#\/schema\/logo\/image\/"},"sameAs":["https:\/\/www.facebook.com\/collectif.endtoend","https:\/\/x.com\/ENDtoEND_","https:\/\/www.instagram.com\/end_to_end\/","https:\/\/www.youtube.com\/user\/ENDtoENDgraffiti"]}]}},"uagb_featured_image_src":{"full":["https:\/\/www.endtoend.fr\/site\/wp-content\/uploads\/2022\/05\/23052022-endtoend-la-glaciere-fesque-amazonie-2.jpg",2441,1500,false],"thumbnail":["https:\/\/www.endtoend.fr\/site\/wp-content\/uploads\/2022\/05\/23052022-endtoend-la-glaciere-fesque-amazonie-2-300x300.jpg",300,300,true],"medium":["https:\/\/www.endtoend.fr\/site\/wp-content\/uploads\/2022\/05\/23052022-endtoend-la-glaciere-fesque-amazonie-2-1000x615.jpg",1000,615,true],"medium_large":["https:\/\/www.endtoend.fr\/site\/wp-content\/uploads\/2022\/05\/23052022-endtoend-la-glaciere-fesque-amazonie-2-768x472.jpg",768,472,true],"large":["https:\/\/www.endtoend.fr\/site\/wp-content\/uploads\/2022\/05\/23052022-endtoend-la-glaciere-fesque-amazonie-2-1200x737.jpg",1200,737,true],"1536x1536":["https:\/\/www.endtoend.fr\/site\/wp-content\/uploads\/2022\/05\/23052022-endtoend-la-glaciere-fesque-amazonie-2-1536x944.jpg",1536,944,true],"2048x2048":["https:\/\/www.endtoend.fr\/site\/wp-content\/uploads\/2022\/05\/23052022-endtoend-la-glaciere-fesque-amazonie-2-2048x1259.jpg",2048,1259,true]},"uagb_author_info":{"display_name":"ENDtoEND","author_link":"https:\/\/www.endtoend.fr\/site\/author\/endtoend-shop\/"},"uagb_comment_info":0,"uagb_excerpt":"Envoyez-nous un message ! Vous pouvez aussi nous contacter directement par email ou t\u00e9l\u00e9phone : endtoend@endtoend.fr+33 06 99 47 11 70 * Champs obligatoires ENDtoEND collecte et traite vos donn\u00e9es personnelles afin de r\u00e9pondre \u00e0 votre demande. Elles ne sont pas partag\u00e9es \u00e0 des tiers. Vous disposez \u00e0 tout moment des droits d\u2019acc\u00e8s, de rectification,\u2026","_links":{"self":[{"href":"https:\/\/www.endtoend.fr\/site\/wp-json\/wp\/v2\/pages\/13197","targetHints":{"allow":["GET"]}}],"collection":[{"href":"https:\/\/www.endtoend.fr\/site\/wp-json\/wp\/v2\/pages"}],"about":[{"href":"https:\/\/www.endtoend.fr\/site\/wp-json\/wp\/v2\/types\/page"}],"author":[{"embeddable":true,"href":"https:\/\/www.endtoend.fr\/site\/wp-json\/wp\/v2\/users\/1"}],"replies":[{"embeddable":true,"href":"https:\/\/www.endtoend.fr\/site\/wp-json\/wp\/v2\/comments?post=13197"}],"version-history":[{"count":7,"href":"https:\/\/www.endtoend.fr\/site\/wp-json\/wp\/v2\/pages\/13197\/revisions"}],"predecessor-version":[{"id":13314,"href":"https:\/\/www.endtoend.fr\/site\/wp-json\/wp\/v2\/pages\/13197\/revisions\/13314"}],"wp:featuredmedia":[{"embeddable":true,"href":"https:\/\/www.endtoend.fr\/site\/wp-json\/wp\/v2\/media\/11009"}],"wp:attachment":[{"href":"https:\/\/www.endtoend.fr\/site\/wp-json\/wp\/v2\/media?parent=13197"}],"curies":[{"name":"wp","href":"https:\/\/api.w.org\/{rel}","templated":true}]}}